{"id":23,"date":"2023-11-12T21:34:12","date_gmt":"2023-11-12T21:34:12","guid":{"rendered":"https:\/\/esculando.de\/?page_id=23"},"modified":"2023-11-23T09:08:57","modified_gmt":"2023-11-23T09:08:57","slug":"termine","status":"publish","type":"page","link":"https:\/\/esculando.de\/?page_id=23","title":{"rendered":"termine"},"content":{"rendered":"<p><html lang=\"de\"><head><br \/>\n<meta name=\"viewport\" content=\"width=device-width, initial-scale=1\"\/><meta name=\"description\" content=\"Aktuelles Duo Esculando, Anna Lenda, Klaus J\u00e4ckle\" \/><meta name=\"robots\" content=\"max-image-preview:large\" \/><link rel=\"canonical\" href=\"https:\/\/esculando.de\/\" \/>\n<meta property=\"og:locale\" content=\"de\" \/><meta property=\"og:site_name\" content=\"Aktuelles Duo Esculando, Anna Lenda, Klaus J\u00e4ckle\" \/><meta property=\"og:type\" content=\"website\" \/><meta property=\"og:title\" content=\"Aktuelles Duo Esculando, Anna Lenda, Klaus J\u00e4ckle\" \/><meta property=\"og:description\" content=\"Aktuelles Duo Esculando, Anna Lenda, Klaus J\u00e4ckle\" \/><meta property=\"og:url\" content=\"https:\/\/esculando.de\/\" \/><meta name=\"keywords\" content=\"Musik, Gitarre, Violoncello, Klassik, Klaus J&#xe4;ckle, Anna Lenda\"><\/p>\n<p><title>Aktuelles Duo Esculando<\/title><br \/>\n<\/head><br \/>\n<body style=\"background-image:url(https:\/\/esculando.de\/wp-content\/uploads\/2023\/11\/background.png)\"><\/p>\n<p>Bei Interesse an einem Konzert-Termin wenden Sie sich bitte an Klaus J\u00e4ckle, Email: <a href=\"mailto:info@classicalguitar.de\">info@classicalguitar.de<\/a><\/p>\n<h1>Oktober 2023 <\/h1>\n<p><strong>\u201eSternenzeit\u201c im Oktober<\/strong><br \/>\n<strong>Samstag 28.10.2023, N\u00fcrnberg, Museum Tucherschloss, Hirsvogelsaal, 20 Uhr<\/strong><\/p>\n<p>Anna Lenda, Violoncello, und Klaus J\u00e4ckle haben sich zu ihrem Konzert \u201eSternenzeit\u201c einen au\u00dfergew\u00f6hnlichen Ort und Werke ausgew\u00e4hlt:<\/p>\n<p>H\u00f6hepunkt wird die Urauff\u00fchrung eines Originalwerkes f\u00fcr Cello und Gitarre von Heinrich Hartl sein, der das St\u00fcck extra f\u00fcr das Duo Lenda \/ J\u00e4ckle komponiert hat. Au\u00dferdem stehen Solost\u00fccke f\u00fcr Gitarre von Stefan Ebertsch aus N\u00fcrnberg und ein Werk von Klaus J\u00e4ckle selbst auf dem Programm. Abgerundet wird das Konzert mit Duobearbeitungen von Bach, Mendelssohn-Bartholdy, sowie Rodrigo.<\/p>\n<p>Das Duo Esculando bietet ein virtuoses und romantisches Wechselspiel zwischen Violoncello und Gitarre: unerh\u00f6rt, geistreich und phantasievoll. \u201e..auf den Punkt genau abgestimmtes, rasantes Zusammenspiel\u2026\u201c schreibt das Badische Tagblatt \u00fcber das Duo.<\/p>\n<p>&nbsp;<\/p>\n<p>&nbsp;<\/p>\n<p><\/body><\/html><\/p>\n","protected":false},"excerpt":{"rendered":"<p>Aktuelles Duo Esculando Bei Interesse an einem Konzert-Termin wenden Sie sich bitte an Klaus J\u00e4ckle, Email: info@classicalguitar.de Oktober 2023 \u201eSternenzeit\u201c im Oktober Samstag 28.10.2023, N\u00fcrnberg, Museum Tucherschloss, Hirsvogelsaal, 20 Uhr Anna Lenda, Violoncello, und Klaus J\u00e4ckle haben sich zu ihrem Konzert \u201eSternenzeit\u201c einen au\u00dfergew\u00f6hnlichen Ort und Werke ausgew\u00e4hlt: H\u00f6hepunkt wird die Urauff\u00fchrung eines Originalwerkes f\u00fcr [&hellip;]<\/p>\n","protected":false},"author":1,"featured_media":0,"parent":0,"menu_order":0,"comment_status":"closed","ping_status":"closed","template":"","meta":{"footnotes":""},"class_list":["post-23","page","type-page","status-publish","hentry"],"_links":{"self":[{"href":"https:\/\/esculando.de\/index.php?rest_route=\/wp\/v2\/pages\/23","targetHints":{"allow":["GET"]}}],"collection":[{"href":"https:\/\/esculando.de\/index.php?rest_route=\/wp\/v2\/pages"}],"about":[{"href":"https:\/\/esculando.de\/index.php?rest_route=\/wp\/v2\/types\/page"}],"author":[{"embeddable":true,"href":"https:\/\/esculando.de\/index.php?rest_route=\/wp\/v2\/users\/1"}],"replies":[{"embeddable":true,"href":"https:\/\/esculando.de\/index.php?rest_route=%2Fwp%2Fv2%2Fcomments&post=23"}],"version-history":[{"count":0,"href":"https:\/\/esculando.de\/index.php?rest_route=\/wp\/v2\/pages\/23\/revisions"}],"wp:attachment":[{"href":"https:\/\/esculando.de\/index.php?rest_route=%2Fwp%2Fv2%2Fmedia&parent=23"}],"curies":[{"name":"wp","href":"https:\/\/api.w.org\/{rel}","templated":true}]}}